{"id":221,"date":"2024-03-13T13:00:32","date_gmt":"2024-03-13T13:00:32","guid":{"rendered":"https:\/\/zile.pircejacels.lv\/?post_type=product&#038;p=221"},"modified":"2024-03-13T13:21:50","modified_gmt":"2024-03-13T13:21:50","slug":"invertors-solis-s5-8kw-tris-fazes-divi-mpp-gredzeni-979-efektivitate","status":"publish","type":"product","link":"https:\/\/electrical.lv\/en\/produkts\/invertors-solis-s5-8kw-tris-fazes-divi-mpp-gredzeni-979-efektivitate\/","title":{"rendered":"Invertors Solis S5 8kW tr\u012bs f\u0101zes, divi MPP gredzeni, 97,9% efektivit\u0101te"},"content":{"rendered":"<p><strong>Solis S5 8kW invertora funkcijas:<\/strong><\/p>\n<ul>\n<li>ES efektivit\u0101te l\u012bdz 97,9%<\/li>\n<li>Pla\u0161s sprieguma diapazons un zems starta sprieguma ierobe\u017eojums<\/li>\n<li>Vied\u0101 vad\u012bba<\/li>\n<li>Vair\u0101ki aizsardz\u012bbas l\u012bme\u0146i<\/li>\n<li>Vienk\u0101r\u0161a uzst\u0101d\u012b\u0161ana un apkope<\/li>\n<\/ul>\n<p><strong>Tehniskie raksturlielumi:<\/strong><\/p>\n<ul>\n<li>Saules elektrostacijas maksim\u0101l\u0101 \u0123ener\u0113t\u0101 jauda: 12 kW<\/li>\n<li>Maksim\u0101lais ieejas spriegums: 1100 V<\/li>\n<li>Nomin\u0101lais spriegums: 600 V<\/li>\n<li>Palai\u0161anas spriegums: 180 V<\/li>\n<li>MPPT gredzena sprieguma diapazons: 160 &#8211; 1000 V<\/li>\n<li>Maksim\u0101l\u0101 ieejas str\u0101va: 16 A \/ 16 A<\/li>\n<li>Maksim\u0101l\u0101 \u012bssavienojuma str\u0101va: 25 A \/ 25 A<\/li>\n<li>MPPT gredzenu skaits: 2<\/li>\n<li>Nomin\u0101l\u0101 izejas jauda: 8 kW<\/li>\n<li>Maksim\u0101l\u0101 nomin\u0101l\u0101 izejas jauda: 8,8 kVA<\/li>\n<li>Maksim\u0101l\u0101 izejas jauda: 8,8 kW<\/li>\n<li>Nomin\u0101lais t\u012bkla spriegums: 3\/N\/PE, 220V\/380V \/ 230V\/400V<\/li>\n<li>Nomin\u0101l\u0101 elektrot\u012bkla frekvence: 50 Hz \/ 60 Hz<\/li>\n<li>Nomin\u0101l\u0101 elektrot\u012bkla str\u0101va: 12,2 A \/ 11,5 A<\/li>\n<li>Maksim\u0101l\u0101 elektrot\u012bkla str\u0101va: 12,7 A<\/li>\n<li>Maksim\u0101l\u0101 efektivit\u0101te (ES): 97,9%<\/li>\n<li>L\u012bdzstr\u0101vas polarit\u0101tes mai\u0146as aizsardz\u012bba: J\u0101<\/li>\n<li>Aizsardz\u012bba pret \u012bssavienojumu: J\u0101<\/li>\n<li>Izejas p\u0101rstr\u0101vas aizsardz\u012bba: J\u0101<\/li>\n<li>T\u012bkla uzraudz\u012bba: J\u0101<\/li>\n<li>Temperat\u016bras aizsardz\u012bba: J\u0101<\/li>\n<li>Ieb\u016bv\u0113ts l\u012bdzstr\u0101vas sl\u0113dzis: J\u0101<\/li>\n<li>Topolo\u0123ija: bez transformatoriem<\/li>\n<li>Ier\u012bces ener\u0123ijas pat\u0113ri\u0146\u0161: &lt;1 W<\/li>\n<li>Ier\u012bces darba temperat\u016bra: -25 &#8211; +60 C<\/li>\n<li>Ier\u012bces darba mitruma diapazons: 0 &#8211; 100 %<\/li>\n<li>Aizsardz\u012bbas klase: IP66<\/li>\n<li>Dzes\u0113\u0161ana: dabisk\u0101 konvekcija<\/li>\n<li>Dro\u0161\u012bbas standarti: IEC 62109-1\/-2, IEC62116, EN 61000-6-1\/-2\/-3\/-4<\/li>\n<li>L\u012bdzstr\u0101vas savienot\u0101js: MC4<\/li>\n<li>Mai\u0146str\u0101vas savienojums: termin\u0101la savienojums<\/li>\n<li>Ekr\u0101ns: LCD<\/li>\n<li>Inform\u0101cijas p\u0101rraide: RS485; Wifi\/GPRS k\u0101 papildu funkcija<\/li>\n<\/ul>\n","protected":false},"excerpt":{"rendered":"<p>Solis S5 8kW invertora funkcijas: ES efektivit\u0101te l\u012bdz 97,9% Pla\u0161s sprieguma diapazons un zems starta sprieguma ierobe\u017eojums Vied\u0101 vad\u012bba Vair\u0101ki aizsardz\u012bbas l\u012bme\u0146i Vienk\u0101r\u0161a uzst\u0101d\u012b\u0161ana un apkope Tehniskie raksturlielumi: Saules elektrostacijas maksim\u0101l\u0101 \u0123ener\u0113t\u0101 jauda: 12 kW Maksim\u0101lais ieejas spriegums: 1100 V Nomin\u0101lais spriegums: 600 V Palai\u0161anas spriegums: 180 V MPPT gredzena sprieguma diapazons: 160 &#8211; 1000 [&hellip;]<\/p>\n","protected":false},"featured_media":217,"comment_status":"open","ping_status":"closed","template":"","meta":{"_et_pb_use_builder":"","_et_pb_old_content":"","_et_gb_content_width":""},"product_brand":[],"product_cat":[29],"product_tag":[],"class_list":{"0":"post-221","1":"product","2":"type-product","3":"status-publish","4":"has-post-thumbnail","6":"product_cat-saules-invertors","8":"first","9":"instock","10":"sale","11":"taxable","12":"shipping-taxable","13":"purchasable","14":"product-type-simple"},"_links":{"self":[{"href":"https:\/\/electrical.lv\/en\/wp-json\/wp\/v2\/product\/221","targetHints":{"allow":["GET"]}}],"collection":[{"href":"https:\/\/electrical.lv\/en\/wp-json\/wp\/v2\/product"}],"about":[{"href":"https:\/\/electrical.lv\/en\/wp-json\/wp\/v2\/types\/product"}],"replies":[{"embeddable":true,"href":"https:\/\/electrical.lv\/en\/wp-json\/wp\/v2\/comments?post=221"}],"wp:featuredmedia":[{"embeddable":true,"href":"https:\/\/electrical.lv\/en\/wp-json\/wp\/v2\/media\/217"}],"wp:attachment":[{"href":"https:\/\/electrical.lv\/en\/wp-json\/wp\/v2\/media?parent=221"}],"wp:term":[{"taxonomy":"product_brand","embeddable":true,"href":"https:\/\/electrical.lv\/en\/wp-json\/wp\/v2\/product_brand?post=221"},{"taxonomy":"product_cat","embeddable":true,"href":"https:\/\/electrical.lv\/en\/wp-json\/wp\/v2\/product_cat?post=221"},{"taxonomy":"product_tag","embeddable":true,"href":"https:\/\/electrical.lv\/en\/wp-json\/wp\/v2\/product_tag?post=221"}],"curies":[{"name":"wp","href":"https:\/\/api.w.org\/{rel}","templated":true}]}}